{"id":19,"date":"2021-09-16T14:36:22","date_gmt":"2021-09-16T12:36:22","guid":{"rendered":"https:\/\/projet.boutiline.com\/formed\/?page_id=19"},"modified":"2025-07-28T21:28:03","modified_gmt":"2025-07-28T20:28:03","slug":"infirmiere-diplomee-detat-polyvalente","status":"publish","type":"page","link":"https:\/\/formed.ma\/index.php\/infirmiere-diplomee-detat-polyvalente\/","title":{"rendered":"Infirmier(e) polyvalent(e)"},"content":{"rendered":"<div class=\"bloc-formation\">\n<h2>Descriptif de la formation<\/h2>\n<p class=\"intro\">\n    Vous r\u00eavez d\u2019une carri\u00e8re o\u00f9 vous contribuez chaque jour au bien-\u00eatre des patients\u202f? Notre formation d\u2019infirmier(e) polyvalent(e) vous pr\u00e9pare \u00e0 devenir un pilier du syst\u00e8me de sant\u00e9.\n  <\/p>\n<h3>\u2705 Comp\u00e9tences cl\u00e9s :<\/h3>\n<ul>\n<li>Identifier les besoins en soins infirmiers et y r\u00e9pondre efficacement<\/li>\n<li>Appliquer les prescriptions m\u00e9dicales (pr\u00e9vention, diagnostic, traitement)<\/li>\n<li>Planifier et coordonner les activit\u00e9s sanitaires<\/li>\n<li>Encadrer et former le personnel auxiliaire<\/li>\n<li>Offrir un soutien psychologique aux patients<\/li>\n<\/ul>\n<h3>Dur\u00e9e :<\/h3>\n<p>3 ans<\/p>\n<h3>Acc\u00e8s :<\/h3>\n<p>Bac toutes s\u00e9ries<\/p>\n<h3>Champs d\u2019exercice professionnel :<\/h3>\n<p>Secteur priv\u00e9 (cliniques, cabinets m\u00e9dicaux), lib\u00e9ral (avec autorisation officielle).<\/p>\n<\/div>\n","protected":false},"excerpt":{"rendered":"<p>Descriptif de la formation Vous r\u00eavez d\u2019une carri\u00e8re o\u00f9 vous contribuez chaque jour au bien-\u00eatre des patients\u202f? Notre formation d\u2019infirmier(e) polyvalent(e) vous pr\u00e9pare \u00e0 devenir un pilier du syst\u00e8me de sant\u00e9. \u2705 Comp\u00e9tences cl\u00e9s : Identifier les besoins en soins infirmiers et y r\u00e9pondre efficacement Appliquer les prescriptions m\u00e9dicales (pr\u00e9vention, diagnostic, traitement) Planifier et coordonner [&hellip;]<\/p>\n","protected":false},"author":2,"featured_media":407,"parent":0,"menu_order":0,"comment_status":"closed","ping_status":"closed","template":"nos-filieres.php","meta":[],"yoast_head":"<!-- This site is optimized with the Yoast SEO plugin v17.3 - https:\/\/yoast.com\/wordpress\/plugins\/seo\/ -->\n<meta name=\"description\" content=\"Les programmes d&#039;infirmier polyvalent de Formed vous pr\u00e9parent \u00e0 une carri\u00e8re r\u00e9ussie dans le secteur m\u00e9dical.\" \/>\n<meta name=\"robots\" content=\"index, follow, max-snippet:-1, max-image-preview:large, max-video-preview:-1\" \/>\n<link rel=\"canonical\" href=\"https:\/\/formed.ma\/index.php\/infirmiere-diplomee-detat-polyvalente\/\" \/>\n<meta property=\"og:locale\" content=\"fr_FR\" \/>\n<meta property=\"og:type\" content=\"article\" \/>\n<meta property=\"og:title\" content=\"Infirmier(e) polyvalent(e) - Formed\" \/>\n<meta property=\"og:description\" content=\"Les programmes d&#039;infirmier polyvalent de Formed vous pr\u00e9parent \u00e0 une carri\u00e8re r\u00e9ussie dans le secteur m\u00e9dical.\" \/>\n<meta property=\"og:url\" content=\"https:\/\/formed.ma\/index.php\/infirmiere-diplomee-detat-polyvalente\/\" \/>\n<meta property=\"og:site_name\" content=\"Formed\" \/>\n<meta property=\"article:modified_time\" content=\"2025-07-28T20:28:03+00:00\" \/>\n<meta property=\"og:image\" content=\"https:\/\/formed.ma\/wp-content\/uploads\/2025\/07\/infirm-poly.jpg\" \/>\n\t<meta property=\"og:image:width\" content=\"428\" \/>\n\t<meta property=\"og:image:height\" content=\"600\" \/>\n<meta name=\"twitter:card\" content=\"summary_large_image\" \/>\n<meta name=\"twitter:label1\" content=\"Dur\u00e9e de lecture estim\u00e9e\" \/>\n\t<meta name=\"twitter:data1\" content=\"1 minute\" \/>\n<script type=\"application\/ld+json\" class=\"yoast-schema-graph\">{\"@context\":\"https:\/\/schema.org\",\"@graph\":[{\"@type\":\"WebSite\",\"@id\":\"https:\/\/formed.ma\/#website\",\"url\":\"https:\/\/formed.ma\/\",\"name\":\"Formed\",\"description\":\"Faites de votre passion votre profession !\",\"potentialAction\":[{\"@type\":\"SearchAction\",\"target\":{\"@type\":\"EntryPoint\",\"urlTemplate\":\"https:\/\/formed.ma\/?s={search_term_string}\"},\"query-input\":\"required name=search_term_string\"}],\"inLanguage\":\"fr-FR\"},{\"@type\":\"ImageObject\",\"@id\":\"https:\/\/formed.ma\/index.php\/infirmiere-diplomee-detat-polyvalente\/#primaryimage\",\"inLanguage\":\"fr-FR\",\"url\":\"https:\/\/formed.ma\/wp-content\/uploads\/2025\/07\/infirm-poly.jpg\",\"contentUrl\":\"https:\/\/formed.ma\/wp-content\/uploads\/2025\/07\/infirm-poly.jpg\",\"width\":428,\"height\":600},{\"@type\":\"WebPage\",\"@id\":\"https:\/\/formed.ma\/index.php\/infirmiere-diplomee-detat-polyvalente\/#webpage\",\"url\":\"https:\/\/formed.ma\/index.php\/infirmiere-diplomee-detat-polyvalente\/\",\"name\":\"Infirmier(e) polyvalent(e) - Formed\",\"isPartOf\":{\"@id\":\"https:\/\/formed.ma\/#website\"},\"primaryImageOfPage\":{\"@id\":\"https:\/\/formed.ma\/index.php\/infirmiere-diplomee-detat-polyvalente\/#primaryimage\"},\"datePublished\":\"2021-09-16T12:36:22+00:00\",\"dateModified\":\"2025-07-28T20:28:03+00:00\",\"description\":\"Les programmes d'infirmier polyvalent de Formed vous pr\\u00e9parent \\u00e0 une carri\\u00e8re r\\u00e9ussie dans le secteur m\\u00e9dical.\",\"breadcrumb\":{\"@id\":\"https:\/\/formed.ma\/index.php\/infirmiere-diplomee-detat-polyvalente\/#breadcrumb\"},\"inLanguage\":\"fr-FR\",\"potentialAction\":[{\"@type\":\"ReadAction\",\"target\":[\"https:\/\/formed.ma\/index.php\/infirmiere-diplomee-detat-polyvalente\/\"]}]},{\"@type\":\"BreadcrumbList\",\"@id\":\"https:\/\/formed.ma\/index.php\/infirmiere-diplomee-detat-polyvalente\/#breadcrumb\",\"itemListElement\":[{\"@type\":\"ListItem\",\"position\":1,\"name\":\"Accueil\",\"item\":\"https:\/\/formed.ma\/\"},{\"@type\":\"ListItem\",\"position\":2,\"name\":\"Infirmier(e) polyvalent(e)\"}]}]}<\/script>\n<!-- \/ Yoast SEO plugin. -->","yoast_head_json":{"description":"Les programmes d'infirmier polyvalent de Formed vous pr\u00e9parent \u00e0 une carri\u00e8re r\u00e9ussie dans le secteur m\u00e9dical.","robots":{"index":"index","follow":"follow","max-snippet":"max-snippet:-1","max-image-preview":"max-image-preview:large","max-video-preview":"max-video-preview:-1"},"canonical":"https:\/\/formed.ma\/index.php\/infirmiere-diplomee-detat-polyvalente\/","og_locale":"fr_FR","og_type":"article","og_title":"Infirmier(e) polyvalent(e) - Formed","og_description":"Les programmes d'infirmier polyvalent de Formed vous pr\u00e9parent \u00e0 une carri\u00e8re r\u00e9ussie dans le secteur m\u00e9dical.","og_url":"https:\/\/formed.ma\/index.php\/infirmiere-diplomee-detat-polyvalente\/","og_site_name":"Formed","article_modified_time":"2025-07-28T20:28:03+00:00","og_image":[{"width":428,"height":600,"url":"https:\/\/formed.ma\/wp-content\/uploads\/2025\/07\/infirm-poly.jpg","type":"image\/jpeg"}],"twitter_card":"summary_large_image","twitter_misc":{"Dur\u00e9e de lecture estim\u00e9e":"1 minute"},"schema":{"@context":"https:\/\/schema.org","@graph":[{"@type":"WebSite","@id":"https:\/\/formed.ma\/#website","url":"https:\/\/formed.ma\/","name":"Formed","description":"Faites de votre passion votre profession !","potentialAction":[{"@type":"SearchAction","target":{"@type":"EntryPoint","urlTemplate":"https:\/\/formed.ma\/?s={search_term_string}"},"query-input":"required name=search_term_string"}],"inLanguage":"fr-FR"},{"@type":"ImageObject","@id":"https:\/\/formed.ma\/index.php\/infirmiere-diplomee-detat-polyvalente\/#primaryimage","inLanguage":"fr-FR","url":"https:\/\/formed.ma\/wp-content\/uploads\/2025\/07\/infirm-poly.jpg","contentUrl":"https:\/\/formed.ma\/wp-content\/uploads\/2025\/07\/infirm-poly.jpg","width":428,"height":600},{"@type":"WebPage","@id":"https:\/\/formed.ma\/index.php\/infirmiere-diplomee-detat-polyvalente\/#webpage","url":"https:\/\/formed.ma\/index.php\/infirmiere-diplomee-detat-polyvalente\/","name":"Infirmier(e) polyvalent(e) - Formed","isPartOf":{"@id":"https:\/\/formed.ma\/#website"},"primaryImageOfPage":{"@id":"https:\/\/formed.ma\/index.php\/infirmiere-diplomee-detat-polyvalente\/#primaryimage"},"datePublished":"2021-09-16T12:36:22+00:00","dateModified":"2025-07-28T20:28:03+00:00","description":"Les programmes d'infirmier polyvalent de Formed vous pr\u00e9parent \u00e0 une carri\u00e8re r\u00e9ussie dans le secteur m\u00e9dical.","breadcrumb":{"@id":"https:\/\/formed.ma\/index.php\/infirmiere-diplomee-detat-polyvalente\/#breadcrumb"},"inLanguage":"fr-FR","potentialAction":[{"@type":"ReadAction","target":["https:\/\/formed.ma\/index.php\/infirmiere-diplomee-detat-polyvalente\/"]}]},{"@type":"BreadcrumbList","@id":"https:\/\/formed.ma\/index.php\/infirmiere-diplomee-detat-polyvalente\/#breadcrumb","itemListElement":[{"@type":"ListItem","position":1,"name":"Accueil","item":"https:\/\/formed.ma\/"},{"@type":"ListItem","position":2,"name":"Infirmier(e) polyvalent(e)"}]}]}},"_links":{"self":[{"href":"https:\/\/formed.ma\/index.php\/wp-json\/wp\/v2\/pages\/19"}],"collection":[{"href":"https:\/\/formed.ma\/index.php\/wp-json\/wp\/v2\/pages"}],"about":[{"href":"https:\/\/formed.ma\/index.php\/wp-json\/wp\/v2\/types\/page"}],"author":[{"embeddable":true,"href":"https:\/\/formed.ma\/index.php\/wp-json\/wp\/v2\/users\/2"}],"replies":[{"embeddable":true,"href":"https:\/\/formed.ma\/index.php\/wp-json\/wp\/v2\/comments?post=19"}],"version-history":[{"count":24,"href":"https:\/\/formed.ma\/index.php\/wp-json\/wp\/v2\/pages\/19\/revisions"}],"predecessor-version":[{"id":457,"href":"https:\/\/formed.ma\/index.php\/wp-json\/wp\/v2\/pages\/19\/revisions\/457"}],"wp:featuredmedia":[{"embeddable":true,"href":"https:\/\/formed.ma\/index.php\/wp-json\/wp\/v2\/media\/407"}],"wp:attachment":[{"href":"https:\/\/formed.ma\/index.php\/wp-json\/wp\/v2\/media?parent=19"}],"curies":[{"name":"wp","href":"https:\/\/api.w.org\/{rel}","templated":true}]}}