{"id":284,"date":"2021-12-19T16:02:55","date_gmt":"2021-12-19T15:02:55","guid":{"rendered":"https:\/\/formed.ma\/?page_id=284"},"modified":"2025-07-12T19:02:11","modified_gmt":"2025-07-12T18:02:11","slug":"galerie","status":"publish","type":"page","link":"https:\/\/formed.ma\/index.php\/galerie\/","title":{"rendered":"Galerie"},"content":{"rendered":"<p>D\u00e9couvrez en images la vie au sein de notre \u00e9cole : formations pratiques, ateliers cliniques, \u00e9v\u00e9nements \u00e9tudiants et moments de partage. Chez FORMED, chaque instant contribue \u00e0 former les professionnels de sant\u00e9 de demain, engag\u00e9s, comp\u00e9tents et humains.<\/p>\n<div style=\"width: 848px;\" class=\"wp-video\"><!--[if lt IE 9]><script>document.createElement('video');<\/script><![endif]-->\n<video class=\"wp-video-shortcode\" id=\"video-284-1\" width=\"848\" height=\"480\" preload=\"metadata\" controls=\"controls\"><source type=\"video\/mp4\" src=\"https:\/\/formed.ma\/wp-content\/uploads\/2025\/07\/1.mp4?_=1\" \/><a href=\"https:\/\/formed.ma\/wp-content\/uploads\/2025\/07\/1.mp4\">https:\/\/formed.ma\/wp-content\/uploads\/2025\/07\/1.mp4<\/a><\/video><\/div>\n","protected":false},"excerpt":{"rendered":"<p>D\u00e9couvrez en images la vie au sein de notre \u00e9cole : formations pratiques, ateliers cliniques, \u00e9v\u00e9nements \u00e9tudiants et moments de partage. Chez FORMED, chaque instant contribue \u00e0 former les professionnels de sant\u00e9 de demain, engag\u00e9s, comp\u00e9tents et humains.<\/p>\n","protected":false},"author":2,"featured_media":0,"parent":0,"menu_order":0,"comment_status":"closed","ping_status":"closed","template":"galerie.php","meta":[],"yoast_head":"<!-- This site is optimized with the Yoast SEO plugin v17.3 - https:\/\/yoast.com\/wordpress\/plugins\/seo\/ -->\n<meta name=\"robots\" content=\"index, follow, max-snippet:-1, max-image-preview:large, max-video-preview:-1\" \/>\n<link rel=\"canonical\" href=\"https:\/\/formed.ma\/index.php\/galerie\/\" \/>\n<meta property=\"og:locale\" content=\"fr_FR\" \/>\n<meta property=\"og:type\" content=\"article\" \/>\n<meta property=\"og:title\" content=\"Galerie - Formed\" \/>\n<meta property=\"og:description\" content=\"D\u00e9couvrez en images la vie au sein de notre \u00e9cole : formations pratiques, ateliers cliniques, \u00e9v\u00e9nements \u00e9tudiants et moments de partage. Chez FORMED, chaque instant contribue \u00e0 former les professionnels de sant\u00e9 de demain, engag\u00e9s, comp\u00e9tents et humains.\" \/>\n<meta property=\"og:url\" content=\"https:\/\/formed.ma\/index.php\/galerie\/\" \/>\n<meta property=\"og:site_name\" content=\"Formed\" \/>\n<meta property=\"article:modified_time\" content=\"2025-07-12T18:02:11+00:00\" \/>\n<meta name=\"twitter:card\" content=\"summary_large_image\" \/>\n<script type=\"application\/ld+json\" class=\"yoast-schema-graph\">{\"@context\":\"https:\/\/schema.org\",\"@graph\":[{\"@type\":\"WebSite\",\"@id\":\"https:\/\/formed.ma\/#website\",\"url\":\"https:\/\/formed.ma\/\",\"name\":\"Formed\",\"description\":\"Faites de votre passion votre profession !\",\"potentialAction\":[{\"@type\":\"SearchAction\",\"target\":{\"@type\":\"EntryPoint\",\"urlTemplate\":\"https:\/\/formed.ma\/?s={search_term_string}\"},\"query-input\":\"required name=search_term_string\"}],\"inLanguage\":\"fr-FR\"},{\"@type\":\"WebPage\",\"@id\":\"https:\/\/formed.ma\/index.php\/galerie\/#webpage\",\"url\":\"https:\/\/formed.ma\/index.php\/galerie\/\",\"name\":\"Galerie - Formed\",\"isPartOf\":{\"@id\":\"https:\/\/formed.ma\/#website\"},\"datePublished\":\"2021-12-19T15:02:55+00:00\",\"dateModified\":\"2025-07-12T18:02:11+00:00\",\"breadcrumb\":{\"@id\":\"https:\/\/formed.ma\/index.php\/galerie\/#breadcrumb\"},\"inLanguage\":\"fr-FR\",\"potentialAction\":[{\"@type\":\"ReadAction\",\"target\":[\"https:\/\/formed.ma\/index.php\/galerie\/\"]}]},{\"@type\":\"BreadcrumbList\",\"@id\":\"https:\/\/formed.ma\/index.php\/galerie\/#breadcrumb\",\"itemListElement\":[{\"@type\":\"ListItem\",\"position\":1,\"name\":\"Accueil\",\"item\":\"https:\/\/formed.ma\/\"},{\"@type\":\"ListItem\",\"position\":2,\"name\":\"Galerie\"}]}]}<\/script>\n<!-- \/ Yoast SEO plugin. -->","yoast_head_json":{"robots":{"index":"index","follow":"follow","max-snippet":"max-snippet:-1","max-image-preview":"max-image-preview:large","max-video-preview":"max-video-preview:-1"},"canonical":"https:\/\/formed.ma\/index.php\/galerie\/","og_locale":"fr_FR","og_type":"article","og_title":"Galerie - Formed","og_description":"D\u00e9couvrez en images la vie au sein de notre \u00e9cole : formations pratiques, ateliers cliniques, \u00e9v\u00e9nements \u00e9tudiants et moments de partage. Chez FORMED, chaque instant contribue \u00e0 former les professionnels de sant\u00e9 de demain, engag\u00e9s, comp\u00e9tents et humains.","og_url":"https:\/\/formed.ma\/index.php\/galerie\/","og_site_name":"Formed","article_modified_time":"2025-07-12T18:02:11+00:00","twitter_card":"summary_large_image","schema":{"@context":"https:\/\/schema.org","@graph":[{"@type":"WebSite","@id":"https:\/\/formed.ma\/#website","url":"https:\/\/formed.ma\/","name":"Formed","description":"Faites de votre passion votre profession !","potentialAction":[{"@type":"SearchAction","target":{"@type":"EntryPoint","urlTemplate":"https:\/\/formed.ma\/?s={search_term_string}"},"query-input":"required name=search_term_string"}],"inLanguage":"fr-FR"},{"@type":"WebPage","@id":"https:\/\/formed.ma\/index.php\/galerie\/#webpage","url":"https:\/\/formed.ma\/index.php\/galerie\/","name":"Galerie - Formed","isPartOf":{"@id":"https:\/\/formed.ma\/#website"},"datePublished":"2021-12-19T15:02:55+00:00","dateModified":"2025-07-12T18:02:11+00:00","breadcrumb":{"@id":"https:\/\/formed.ma\/index.php\/galerie\/#breadcrumb"},"inLanguage":"fr-FR","potentialAction":[{"@type":"ReadAction","target":["https:\/\/formed.ma\/index.php\/galerie\/"]}]},{"@type":"BreadcrumbList","@id":"https:\/\/formed.ma\/index.php\/galerie\/#breadcrumb","itemListElement":[{"@type":"ListItem","position":1,"name":"Accueil","item":"https:\/\/formed.ma\/"},{"@type":"ListItem","position":2,"name":"Galerie"}]}]}},"_links":{"self":[{"href":"https:\/\/formed.ma\/index.php\/wp-json\/wp\/v2\/pages\/284"}],"collection":[{"href":"https:\/\/formed.ma\/index.php\/wp-json\/wp\/v2\/pages"}],"about":[{"href":"https:\/\/formed.ma\/index.php\/wp-json\/wp\/v2\/types\/page"}],"author":[{"embeddable":true,"href":"https:\/\/formed.ma\/index.php\/wp-json\/wp\/v2\/users\/2"}],"replies":[{"embeddable":true,"href":"https:\/\/formed.ma\/index.php\/wp-json\/wp\/v2\/comments?post=284"}],"version-history":[{"count":10,"href":"https:\/\/formed.ma\/index.php\/wp-json\/wp\/v2\/pages\/284\/revisions"}],"predecessor-version":[{"id":391,"href":"https:\/\/formed.ma\/index.php\/wp-json\/wp\/v2\/pages\/284\/revisions\/391"}],"wp:attachment":[{"href":"https:\/\/formed.ma\/index.php\/wp-json\/wp\/v2\/media?parent=284"}],"curies":[{"name":"wp","href":"https:\/\/api.w.org\/{rel}","templated":true}]}}