{"id":45,"date":"2021-09-16T15:41:10","date_gmt":"2021-09-16T13:41:10","guid":{"rendered":"https:\/\/projet.boutiline.com\/formed\/?page_id=45"},"modified":"2025-07-28T21:27:17","modified_gmt":"2025-07-28T20:27:17","slug":"infirmiere-auxiliaire","status":"publish","type":"page","link":"https:\/\/formed.ma\/index.php\/infirmiere-auxiliaire\/","title":{"rendered":"Infirmier(e) Auxiliaire"},"content":{"rendered":"<div class=\"bloc-formation\">\n<h2>Descriptif de la formation<\/h2>\n<p class=\"intro\">\n    Vous souhaitez accompagner les patients dans leur parcours de sant\u00e9 et int\u00e9grer rapidement le monde du travail ? La formation d\u2019infirmier auxiliaire est faite pour vous.\n  <\/p>\n<h3>\u2705 Comp\u00e9tences cl\u00e9s :<\/h3>\n<ul>\n<li>R\u00e9aliser les soins de base (hygi\u00e8ne, confort)<\/li>\n<li>Appliquer les prescriptions m\u00e9dicales sous supervision<\/li>\n<li>Participer aux programmes de sant\u00e9 publique<\/li>\n<li>\u00c9duquer les patients et leur entourage en mati\u00e8re de sant\u00e9<\/li>\n<\/ul>\n<h3>Dur\u00e9e :<\/h3>\n<p>2 ans<\/p>\n<h3>Acc\u00e8s :<\/h3>\n<p>Niveau Bac<\/p>\n<h3>Champs d\u2019exercice professionnel :<\/h3>\n<p>Secteur priv\u00e9 (cliniques, cabinets m\u00e9dicaux), lib\u00e9ral (avec autorisation officielle).<\/p>\n<\/div>\n","protected":false},"excerpt":{"rendered":"<p>Descriptif de la formation Vous souhaitez accompagner les patients dans leur parcours de sant\u00e9 et int\u00e9grer rapidement le monde du travail ? La formation d\u2019infirmier auxiliaire est faite pour vous. \u2705 Comp\u00e9tences cl\u00e9s : R\u00e9aliser les soins de base (hygi\u00e8ne, confort) Appliquer les prescriptions m\u00e9dicales sous supervision Participer aux programmes de sant\u00e9 publique \u00c9duquer les [&hellip;]<\/p>\n","protected":false},"author":2,"featured_media":401,"parent":0,"menu_order":0,"comment_status":"closed","ping_status":"closed","template":"nos-filieres.php","meta":[],"yoast_head":"<!-- This site is optimized with the Yoast SEO plugin v17.3 - https:\/\/yoast.com\/wordpress\/plugins\/seo\/ -->\n<meta name=\"description\" content=\"Avec ce programme d&#039;infirmier auxiliaire, vous obtiendrez les connaissances et les comp\u00e9tences n\u00e9cessaires.\" \/>\n<meta name=\"robots\" content=\"index, follow, max-snippet:-1, max-image-preview:large, max-video-preview:-1\" \/>\n<link rel=\"canonical\" href=\"https:\/\/formed.ma\/index.php\/infirmiere-auxiliaire\/\" \/>\n<meta property=\"og:locale\" content=\"fr_FR\" \/>\n<meta property=\"og:type\" content=\"article\" \/>\n<meta property=\"og:title\" content=\"Infirmier(e) Auxiliaire - Formed\" \/>\n<meta property=\"og:description\" content=\"Avec ce programme d&#039;infirmier auxiliaire, vous obtiendrez les connaissances et les comp\u00e9tences n\u00e9cessaires.\" \/>\n<meta property=\"og:url\" content=\"https:\/\/formed.ma\/index.php\/infirmiere-auxiliaire\/\" \/>\n<meta property=\"og:site_name\" content=\"Formed\" \/>\n<meta property=\"article:modified_time\" content=\"2025-07-28T20:27:17+00:00\" \/>\n<meta property=\"og:image\" content=\"https:\/\/formed.ma\/wp-content\/uploads\/2025\/07\/infirm-auxi.jpg\" \/>\n\t<meta property=\"og:image:width\" content=\"428\" \/>\n\t<meta property=\"og:image:height\" content=\"600\" \/>\n<meta name=\"twitter:card\" content=\"summary_large_image\" \/>\n<script type=\"application\/ld+json\" class=\"yoast-schema-graph\">{\"@context\":\"https:\/\/schema.org\",\"@graph\":[{\"@type\":\"WebSite\",\"@id\":\"https:\/\/formed.ma\/#website\",\"url\":\"https:\/\/formed.ma\/\",\"name\":\"Formed\",\"description\":\"Faites de votre passion votre profession !\",\"potentialAction\":[{\"@type\":\"SearchAction\",\"target\":{\"@type\":\"EntryPoint\",\"urlTemplate\":\"https:\/\/formed.ma\/?s={search_term_string}\"},\"query-input\":\"required name=search_term_string\"}],\"inLanguage\":\"fr-FR\"},{\"@type\":\"ImageObject\",\"@id\":\"https:\/\/formed.ma\/index.php\/infirmiere-auxiliaire\/#primaryimage\",\"inLanguage\":\"fr-FR\",\"url\":\"https:\/\/formed.ma\/wp-content\/uploads\/2025\/07\/infirm-auxi.jpg\",\"contentUrl\":\"https:\/\/formed.ma\/wp-content\/uploads\/2025\/07\/infirm-auxi.jpg\",\"width\":428,\"height\":600},{\"@type\":\"WebPage\",\"@id\":\"https:\/\/formed.ma\/index.php\/infirmiere-auxiliaire\/#webpage\",\"url\":\"https:\/\/formed.ma\/index.php\/infirmiere-auxiliaire\/\",\"name\":\"Infirmier(e) Auxiliaire - Formed\",\"isPartOf\":{\"@id\":\"https:\/\/formed.ma\/#website\"},\"primaryImageOfPage\":{\"@id\":\"https:\/\/formed.ma\/index.php\/infirmiere-auxiliaire\/#primaryimage\"},\"datePublished\":\"2021-09-16T13:41:10+00:00\",\"dateModified\":\"2025-07-28T20:27:17+00:00\",\"description\":\"Avec ce programme d'infirmier auxiliaire, vous obtiendrez les connaissances et les comp\\u00e9tences n\\u00e9cessaires.\",\"breadcrumb\":{\"@id\":\"https:\/\/formed.ma\/index.php\/infirmiere-auxiliaire\/#breadcrumb\"},\"inLanguage\":\"fr-FR\",\"potentialAction\":[{\"@type\":\"ReadAction\",\"target\":[\"https:\/\/formed.ma\/index.php\/infirmiere-auxiliaire\/\"]}]},{\"@type\":\"BreadcrumbList\",\"@id\":\"https:\/\/formed.ma\/index.php\/infirmiere-auxiliaire\/#breadcrumb\",\"itemListElement\":[{\"@type\":\"ListItem\",\"position\":1,\"name\":\"Accueil\",\"item\":\"https:\/\/formed.ma\/\"},{\"@type\":\"ListItem\",\"position\":2,\"name\":\"Infirmier(e) Auxiliaire\"}]}]}<\/script>\n<!-- \/ Yoast SEO plugin. -->","yoast_head_json":{"description":"Avec ce programme d'infirmier auxiliaire, vous obtiendrez les connaissances et les comp\u00e9tences n\u00e9cessaires.","robots":{"index":"index","follow":"follow","max-snippet":"max-snippet:-1","max-image-preview":"max-image-preview:large","max-video-preview":"max-video-preview:-1"},"canonical":"https:\/\/formed.ma\/index.php\/infirmiere-auxiliaire\/","og_locale":"fr_FR","og_type":"article","og_title":"Infirmier(e) Auxiliaire - Formed","og_description":"Avec ce programme d'infirmier auxiliaire, vous obtiendrez les connaissances et les comp\u00e9tences n\u00e9cessaires.","og_url":"https:\/\/formed.ma\/index.php\/infirmiere-auxiliaire\/","og_site_name":"Formed","article_modified_time":"2025-07-28T20:27:17+00:00","og_image":[{"width":428,"height":600,"url":"https:\/\/formed.ma\/wp-content\/uploads\/2025\/07\/infirm-auxi.jpg","type":"image\/jpeg"}],"twitter_card":"summary_large_image","schema":{"@context":"https:\/\/schema.org","@graph":[{"@type":"WebSite","@id":"https:\/\/formed.ma\/#website","url":"https:\/\/formed.ma\/","name":"Formed","description":"Faites de votre passion votre profession !","potentialAction":[{"@type":"SearchAction","target":{"@type":"EntryPoint","urlTemplate":"https:\/\/formed.ma\/?s={search_term_string}"},"query-input":"required name=search_term_string"}],"inLanguage":"fr-FR"},{"@type":"ImageObject","@id":"https:\/\/formed.ma\/index.php\/infirmiere-auxiliaire\/#primaryimage","inLanguage":"fr-FR","url":"https:\/\/formed.ma\/wp-content\/uploads\/2025\/07\/infirm-auxi.jpg","contentUrl":"https:\/\/formed.ma\/wp-content\/uploads\/2025\/07\/infirm-auxi.jpg","width":428,"height":600},{"@type":"WebPage","@id":"https:\/\/formed.ma\/index.php\/infirmiere-auxiliaire\/#webpage","url":"https:\/\/formed.ma\/index.php\/infirmiere-auxiliaire\/","name":"Infirmier(e) Auxiliaire - Formed","isPartOf":{"@id":"https:\/\/formed.ma\/#website"},"primaryImageOfPage":{"@id":"https:\/\/formed.ma\/index.php\/infirmiere-auxiliaire\/#primaryimage"},"datePublished":"2021-09-16T13:41:10+00:00","dateModified":"2025-07-28T20:27:17+00:00","description":"Avec ce programme d'infirmier auxiliaire, vous obtiendrez les connaissances et les comp\u00e9tences n\u00e9cessaires.","breadcrumb":{"@id":"https:\/\/formed.ma\/index.php\/infirmiere-auxiliaire\/#breadcrumb"},"inLanguage":"fr-FR","potentialAction":[{"@type":"ReadAction","target":["https:\/\/formed.ma\/index.php\/infirmiere-auxiliaire\/"]}]},{"@type":"BreadcrumbList","@id":"https:\/\/formed.ma\/index.php\/infirmiere-auxiliaire\/#breadcrumb","itemListElement":[{"@type":"ListItem","position":1,"name":"Accueil","item":"https:\/\/formed.ma\/"},{"@type":"ListItem","position":2,"name":"Infirmier(e) Auxiliaire"}]}]}},"_links":{"self":[{"href":"https:\/\/formed.ma\/index.php\/wp-json\/wp\/v2\/pages\/45"}],"collection":[{"href":"https:\/\/formed.ma\/index.php\/wp-json\/wp\/v2\/pages"}],"about":[{"href":"https:\/\/formed.ma\/index.php\/wp-json\/wp\/v2\/types\/page"}],"author":[{"embeddable":true,"href":"https:\/\/formed.ma\/index.php\/wp-json\/wp\/v2\/users\/2"}],"replies":[{"embeddable":true,"href":"https:\/\/formed.ma\/index.php\/wp-json\/wp\/v2\/comments?post=45"}],"version-history":[{"count":20,"href":"https:\/\/formed.ma\/index.php\/wp-json\/wp\/v2\/pages\/45\/revisions"}],"predecessor-version":[{"id":456,"href":"https:\/\/formed.ma\/index.php\/wp-json\/wp\/v2\/pages\/45\/revisions\/456"}],"wp:featuredmedia":[{"embeddable":true,"href":"https:\/\/formed.ma\/index.php\/wp-json\/wp\/v2\/media\/401"}],"wp:attachment":[{"href":"https:\/\/formed.ma\/index.php\/wp-json\/wp\/v2\/media?parent=45"}],"curies":[{"name":"wp","href":"https:\/\/api.w.org\/{rel}","templated":true}]}}