{"id":70,"date":"2021-09-17T01:21:10","date_gmt":"2021-09-16T23:21:10","guid":{"rendered":"https:\/\/projet.boutiline.com\/formed\/?page_id=70"},"modified":"2025-07-28T21:25:51","modified_gmt":"2025-07-28T20:25:51","slug":"nos-filieres","status":"publish","type":"page","link":"https:\/\/formed.ma\/index.php\/nos-filieres\/","title":{"rendered":"Nos fili\u00e8res"},"content":{"rendered":"<div style=\"font-family: 'Poppins', sans-serif; line-height: 1.8; color: #333;\">\n<p>\n    Quel que soit le parcours que vous <a href=\"https:\/\/formed.ma\/index.php\/pre-inscription\/\" style=\"color: #5fb322; font-weight: 600; text-decoration: underline;\"> choisirez <\/a>, vous b\u00e9n\u00e9ficierez de <strong style=\"color: #5fb322;\">nombreuses opportunit\u00e9s d\u2019emploi<\/strong>, au Maroc comme \u00e0 l\u2019\u00e9tranger. Les <strong style=\"color: #5fb322;\">professionnels bien form\u00e9s<\/strong> dans le domaine des <strong style=\"color: #5fb322;\">sciences param\u00e9dicales<\/strong> sont de plus en plus recherch\u00e9s. Nous transmettons \u00e0 nos \u00e9tudiants des <strong style=\"color: #5fb322;\">comp\u00e9tences techniques<\/strong>, <strong style=\"color: #5fb322;\">humaines<\/strong> et <strong style=\"color: #5fb322;\">psychologiques<\/strong>, essentielles pour r\u00e9pondre aux exigences du secteur. Nos programmes sont <strong style=\"color: #5fb322;\">riches<\/strong>, <strong style=\"color: #5fb322;\">vari\u00e9s<\/strong> et con\u00e7us pour s\u2019adapter aux <strong style=\"color: #5fb322;\">sp\u00e9cificit\u00e9s de chaque fili\u00e8re<\/strong>.\n  <\/p>\n<\/div>\n","protected":false},"excerpt":{"rendered":"<p>Quel que soit le parcours que vous choisirez , vous b\u00e9n\u00e9ficierez de nombreuses opportunit\u00e9s d\u2019emploi, au Maroc comme \u00e0 l\u2019\u00e9tranger. Les professionnels bien form\u00e9s dans le domaine des sciences param\u00e9dicales sont de plus en plus recherch\u00e9s. Nous transmettons \u00e0 nos \u00e9tudiants des comp\u00e9tences techniques, humaines et psychologiques, essentielles pour r\u00e9pondre aux exigences du secteur. Nos [&hellip;]<\/p>\n","protected":false},"author":2,"featured_media":0,"parent":0,"menu_order":0,"comment_status":"closed","ping_status":"closed","template":"nos-filieresp.php","meta":[],"yoast_head":"<!-- This site is optimized with the Yoast SEO plugin v17.3 - https:\/\/yoast.com\/wordpress\/plugins\/seo\/ -->\n<meta name=\"description\" content=\"Il est tr\u00e8s important de savoir que, quelle que soit la fili\u00e8re que vous d\u00e9cidez de choisir, vous aurez de nombreuses opportunit\u00e9s d&#039;emploi.\" \/>\n<meta name=\"robots\" content=\"index, follow, max-snippet:-1, max-image-preview:large, max-video-preview:-1\" \/>\n<link rel=\"canonical\" href=\"https:\/\/formed.ma\/index.php\/nos-filieres\/\" \/>\n<meta property=\"og:locale\" content=\"fr_FR\" \/>\n<meta property=\"og:type\" content=\"article\" \/>\n<meta property=\"og:title\" content=\"Nos fili\u00e8res - Formed\" \/>\n<meta property=\"og:description\" content=\"Il est tr\u00e8s important de savoir que, quelle que soit la fili\u00e8re que vous d\u00e9cidez de choisir, vous aurez de nombreuses opportunit\u00e9s d&#039;emploi.\" \/>\n<meta property=\"og:url\" content=\"https:\/\/formed.ma\/index.php\/nos-filieres\/\" \/>\n<meta property=\"og:site_name\" content=\"Formed\" \/>\n<meta property=\"article:modified_time\" content=\"2025-07-28T20:25:51+00:00\" \/>\n<meta name=\"twitter:card\" content=\"summary_large_image\" \/>\n<meta name=\"twitter:label1\" content=\"Dur\u00e9e de lecture estim\u00e9e\" \/>\n\t<meta name=\"twitter:data1\" content=\"1 minute\" \/>\n<script type=\"application\/ld+json\" class=\"yoast-schema-graph\">{\"@context\":\"https:\/\/schema.org\",\"@graph\":[{\"@type\":\"WebSite\",\"@id\":\"https:\/\/formed.ma\/#website\",\"url\":\"https:\/\/formed.ma\/\",\"name\":\"Formed\",\"description\":\"Faites de votre passion votre profession !\",\"potentialAction\":[{\"@type\":\"SearchAction\",\"target\":{\"@type\":\"EntryPoint\",\"urlTemplate\":\"https:\/\/formed.ma\/?s={search_term_string}\"},\"query-input\":\"required name=search_term_string\"}],\"inLanguage\":\"fr-FR\"},{\"@type\":\"WebPage\",\"@id\":\"https:\/\/formed.ma\/index.php\/nos-filieres\/#webpage\",\"url\":\"https:\/\/formed.ma\/index.php\/nos-filieres\/\",\"name\":\"Nos fili\\u00e8res - Formed\",\"isPartOf\":{\"@id\":\"https:\/\/formed.ma\/#website\"},\"datePublished\":\"2021-09-16T23:21:10+00:00\",\"dateModified\":\"2025-07-28T20:25:51+00:00\",\"description\":\"Il est tr\\u00e8s important de savoir que, quelle que soit la fili\\u00e8re que vous d\\u00e9cidez de choisir, vous aurez de nombreuses opportunit\\u00e9s d'emploi.\",\"breadcrumb\":{\"@id\":\"https:\/\/formed.ma\/index.php\/nos-filieres\/#breadcrumb\"},\"inLanguage\":\"fr-FR\",\"potentialAction\":[{\"@type\":\"ReadAction\",\"target\":[\"https:\/\/formed.ma\/index.php\/nos-filieres\/\"]}]},{\"@type\":\"BreadcrumbList\",\"@id\":\"https:\/\/formed.ma\/index.php\/nos-filieres\/#breadcrumb\",\"itemListElement\":[{\"@type\":\"ListItem\",\"position\":1,\"name\":\"Accueil\",\"item\":\"https:\/\/formed.ma\/\"},{\"@type\":\"ListItem\",\"position\":2,\"name\":\"Nos fili\\u00e8res\"}]}]}<\/script>\n<!-- \/ Yoast SEO plugin. -->","yoast_head_json":{"description":"Il est tr\u00e8s important de savoir que, quelle que soit la fili\u00e8re que vous d\u00e9cidez de choisir, vous aurez de nombreuses opportunit\u00e9s d'emploi.","robots":{"index":"index","follow":"follow","max-snippet":"max-snippet:-1","max-image-preview":"max-image-preview:large","max-video-preview":"max-video-preview:-1"},"canonical":"https:\/\/formed.ma\/index.php\/nos-filieres\/","og_locale":"fr_FR","og_type":"article","og_title":"Nos fili\u00e8res - Formed","og_description":"Il est tr\u00e8s important de savoir que, quelle que soit la fili\u00e8re que vous d\u00e9cidez de choisir, vous aurez de nombreuses opportunit\u00e9s d'emploi.","og_url":"https:\/\/formed.ma\/index.php\/nos-filieres\/","og_site_name":"Formed","article_modified_time":"2025-07-28T20:25:51+00:00","twitter_card":"summary_large_image","twitter_misc":{"Dur\u00e9e de lecture estim\u00e9e":"1 minute"},"schema":{"@context":"https:\/\/schema.org","@graph":[{"@type":"WebSite","@id":"https:\/\/formed.ma\/#website","url":"https:\/\/formed.ma\/","name":"Formed","description":"Faites de votre passion votre profession !","potentialAction":[{"@type":"SearchAction","target":{"@type":"EntryPoint","urlTemplate":"https:\/\/formed.ma\/?s={search_term_string}"},"query-input":"required name=search_term_string"}],"inLanguage":"fr-FR"},{"@type":"WebPage","@id":"https:\/\/formed.ma\/index.php\/nos-filieres\/#webpage","url":"https:\/\/formed.ma\/index.php\/nos-filieres\/","name":"Nos fili\u00e8res - Formed","isPartOf":{"@id":"https:\/\/formed.ma\/#website"},"datePublished":"2021-09-16T23:21:10+00:00","dateModified":"2025-07-28T20:25:51+00:00","description":"Il est tr\u00e8s important de savoir que, quelle que soit la fili\u00e8re que vous d\u00e9cidez de choisir, vous aurez de nombreuses opportunit\u00e9s d'emploi.","breadcrumb":{"@id":"https:\/\/formed.ma\/index.php\/nos-filieres\/#breadcrumb"},"inLanguage":"fr-FR","potentialAction":[{"@type":"ReadAction","target":["https:\/\/formed.ma\/index.php\/nos-filieres\/"]}]},{"@type":"BreadcrumbList","@id":"https:\/\/formed.ma\/index.php\/nos-filieres\/#breadcrumb","itemListElement":[{"@type":"ListItem","position":1,"name":"Accueil","item":"https:\/\/formed.ma\/"},{"@type":"ListItem","position":2,"name":"Nos fili\u00e8res"}]}]}},"_links":{"self":[{"href":"https:\/\/formed.ma\/index.php\/wp-json\/wp\/v2\/pages\/70"}],"collection":[{"href":"https:\/\/formed.ma\/index.php\/wp-json\/wp\/v2\/pages"}],"about":[{"href":"https:\/\/formed.ma\/index.php\/wp-json\/wp\/v2\/types\/page"}],"author":[{"embeddable":true,"href":"https:\/\/formed.ma\/index.php\/wp-json\/wp\/v2\/users\/2"}],"replies":[{"embeddable":true,"href":"https:\/\/formed.ma\/index.php\/wp-json\/wp\/v2\/comments?post=70"}],"version-history":[{"count":11,"href":"https:\/\/formed.ma\/index.php\/wp-json\/wp\/v2\/pages\/70\/revisions"}],"predecessor-version":[{"id":455,"href":"https:\/\/formed.ma\/index.php\/wp-json\/wp\/v2\/pages\/70\/revisions\/455"}],"wp:attachment":[{"href":"https:\/\/formed.ma\/index.php\/wp-json\/wp\/v2\/media?parent=70"}],"curies":[{"name":"wp","href":"https:\/\/api.w.org\/{rel}","templated":true}]}}