{"id":8,"date":"2021-09-14T14:10:18","date_gmt":"2021-09-14T12:10:18","guid":{"rendered":"https:\/\/projet.boutiline.com\/formed\/?page_id=8"},"modified":"2025-08-01T13:06:12","modified_gmt":"2025-08-01T12:06:12","slug":"ecole-de-formation-des-cadres-de-sante-paramedicaux","status":"publish","type":"page","link":"https:\/\/formed.ma\/","title":{"rendered":"Accueil"},"content":{"rendered":"","protected":false},"excerpt":{"rendered":"","protected":false},"author":2,"featured_media":0,"parent":0,"menu_order":0,"comment_status":"closed","ping_status":"closed","template":"index.php","meta":[],"yoast_head":"<!-- This site is optimized with the Yoast SEO plugin v17.3 - https:\/\/yoast.com\/wordpress\/plugins\/seo\/ -->\n<meta name=\"description\" content=\"Formed - Ecole de formation param\u00e9dicale \u00e0 Mohamm\u00e9dia, offrant des formations adapt\u00e9es aux besoins du march\u00e9 du travail.\" \/>\n<meta name=\"robots\" content=\"index, follow, max-snippet:-1, max-image-preview:large, max-video-preview:-1\" \/>\n<link rel=\"canonical\" href=\"https:\/\/formed.ma\/\" \/>\n<meta property=\"og:locale\" content=\"fr_FR\" \/>\n<meta property=\"og:type\" content=\"article\" \/>\n<meta property=\"og:title\" content=\"Formed - Ecole de formation param\u00e9dicale - Mohamm\u00e9dia\" \/>\n<meta property=\"og:description\" content=\"Formed - Ecole de formation param\u00e9dicale \u00e0 Mohamm\u00e9dia, offrant des formations adapt\u00e9es aux besoins du march\u00e9 du travail.\" \/>\n<meta property=\"og:url\" content=\"https:\/\/formed.ma\/\" \/>\n<meta property=\"og:site_name\" content=\"Formed\" \/>\n<meta property=\"article:modified_time\" content=\"2025-08-01T12:06:12+00:00\" \/>\n<meta name=\"twitter:card\" content=\"summary_large_image\" \/>\n<script type=\"application\/ld+json\" class=\"yoast-schema-graph\">{\"@context\":\"https:\/\/schema.org\",\"@graph\":[{\"@type\":\"WebSite\",\"@id\":\"https:\/\/formed.ma\/#website\",\"url\":\"https:\/\/formed.ma\/\",\"name\":\"Formed\",\"description\":\"Faites de votre passion votre profession !\",\"potentialAction\":[{\"@type\":\"SearchAction\",\"target\":{\"@type\":\"EntryPoint\",\"urlTemplate\":\"https:\/\/formed.ma\/?s={search_term_string}\"},\"query-input\":\"required name=search_term_string\"}],\"inLanguage\":\"fr-FR\"},{\"@type\":\"WebPage\",\"@id\":\"https:\/\/formed.ma\/#webpage\",\"url\":\"https:\/\/formed.ma\/\",\"name\":\"Formed - Ecole de formation param\\u00e9dicale - Mohamm\\u00e9dia\",\"isPartOf\":{\"@id\":\"https:\/\/formed.ma\/#website\"},\"datePublished\":\"2021-09-14T12:10:18+00:00\",\"dateModified\":\"2025-08-01T12:06:12+00:00\",\"description\":\"Formed - Ecole de formation param\\u00e9dicale \\u00e0 Mohamm\\u00e9dia, offrant des formations adapt\\u00e9es aux besoins du march\\u00e9 du travail.\",\"breadcrumb\":{\"@id\":\"https:\/\/formed.ma\/#breadcrumb\"},\"inLanguage\":\"fr-FR\",\"potentialAction\":[{\"@type\":\"ReadAction\",\"target\":[\"https:\/\/formed.ma\/\"]}]},{\"@type\":\"BreadcrumbList\",\"@id\":\"https:\/\/formed.ma\/#breadcrumb\",\"itemListElement\":[{\"@type\":\"ListItem\",\"position\":1,\"name\":\"Accueil\",\"item\":\"https:\/\/formed.ma\/\"},{\"@type\":\"ListItem\",\"position\":2,\"name\":\"Accueil\"}]}]}<\/script>\n<!-- \/ Yoast SEO plugin. -->","yoast_head_json":{"description":"Formed - Ecole de formation param\u00e9dicale \u00e0 Mohamm\u00e9dia, offrant des formations adapt\u00e9es aux besoins du march\u00e9 du travail.","robots":{"index":"index","follow":"follow","max-snippet":"max-snippet:-1","max-image-preview":"max-image-preview:large","max-video-preview":"max-video-preview:-1"},"canonical":"https:\/\/formed.ma\/","og_locale":"fr_FR","og_type":"article","og_title":"Formed - Ecole de formation param\u00e9dicale - Mohamm\u00e9dia","og_description":"Formed - Ecole de formation param\u00e9dicale \u00e0 Mohamm\u00e9dia, offrant des formations adapt\u00e9es aux besoins du march\u00e9 du travail.","og_url":"https:\/\/formed.ma\/","og_site_name":"Formed","article_modified_time":"2025-08-01T12:06:12+00:00","twitter_card":"summary_large_image","schema":{"@context":"https:\/\/schema.org","@graph":[{"@type":"WebSite","@id":"https:\/\/formed.ma\/#website","url":"https:\/\/formed.ma\/","name":"Formed","description":"Faites de votre passion votre profession !","potentialAction":[{"@type":"SearchAction","target":{"@type":"EntryPoint","urlTemplate":"https:\/\/formed.ma\/?s={search_term_string}"},"query-input":"required name=search_term_string"}],"inLanguage":"fr-FR"},{"@type":"WebPage","@id":"https:\/\/formed.ma\/#webpage","url":"https:\/\/formed.ma\/","name":"Formed - Ecole de formation param\u00e9dicale - Mohamm\u00e9dia","isPartOf":{"@id":"https:\/\/formed.ma\/#website"},"datePublished":"2021-09-14T12:10:18+00:00","dateModified":"2025-08-01T12:06:12+00:00","description":"Formed - Ecole de formation param\u00e9dicale \u00e0 Mohamm\u00e9dia, offrant des formations adapt\u00e9es aux besoins du march\u00e9 du travail.","breadcrumb":{"@id":"https:\/\/formed.ma\/#breadcrumb"},"inLanguage":"fr-FR","potentialAction":[{"@type":"ReadAction","target":["https:\/\/formed.ma\/"]}]},{"@type":"BreadcrumbList","@id":"https:\/\/formed.ma\/#breadcrumb","itemListElement":[{"@type":"ListItem","position":1,"name":"Accueil","item":"https:\/\/formed.ma\/"},{"@type":"ListItem","position":2,"name":"Accueil"}]}]}},"_links":{"self":[{"href":"https:\/\/formed.ma\/index.php\/wp-json\/wp\/v2\/pages\/8"}],"collection":[{"href":"https:\/\/formed.ma\/index.php\/wp-json\/wp\/v2\/pages"}],"about":[{"href":"https:\/\/formed.ma\/index.php\/wp-json\/wp\/v2\/types\/page"}],"author":[{"embeddable":true,"href":"https:\/\/formed.ma\/index.php\/wp-json\/wp\/v2\/users\/2"}],"replies":[{"embeddable":true,"href":"https:\/\/formed.ma\/index.php\/wp-json\/wp\/v2\/comments?post=8"}],"version-history":[{"count":40,"href":"https:\/\/formed.ma\/index.php\/wp-json\/wp\/v2\/pages\/8\/revisions"}],"predecessor-version":[{"id":471,"href":"https:\/\/formed.ma\/index.php\/wp-json\/wp\/v2\/pages\/8\/revisions\/471"}],"wp:attachment":[{"href":"https:\/\/formed.ma\/index.php\/wp-json\/wp\/v2\/media?parent=8"}],"curies":[{"name":"wp","href":"https:\/\/api.w.org\/{rel}","templated":true}]}}