{"id":90,"date":"2021-09-24T01:10:09","date_gmt":"2021-09-23T23:10:09","guid":{"rendered":"https:\/\/projet.boutiline.com\/formed\/?page_id=90"},"modified":"2021-10-12T00:16:43","modified_gmt":"2021-10-11T22:16:43","slug":"mentions-legales","status":"publish","type":"page","link":"https:\/\/formed.ma\/index.php\/mentions-legales\/","title":{"rendered":"Mentions l\u00e9gales &#8211; Formed"},"content":{"rendered":"<h3><strong>Editeur<\/strong> :<\/h3>\n<p>FORMED ECOLE DE FORMATION PARAM\u00c9DICALE<\/p>\n<p>Immeuble Oubaha Appartements 7-8 Angle Rue Jahid et Boulevard Hassan II (En face de Lydec) Mohammedia Maroc.<\/p>\n<p>T\u00e9l : 0762678318<\/p>\n<h3><strong>H\u00e9bergeur :<\/strong><\/h3>\n<p>Namecheap<\/p>\n<h3><strong>Propri\u00e9t\u00e9 intellectuelle :<\/strong><\/h3>\n<p>Ce site est la propri\u00e9t\u00e9 de FORMED ECOLE DE FORMATION PARAM\u00c9DICALE. Conform\u00e9ment aux lois r\u00e9gissant les droits de propri\u00e9t\u00e9 litt\u00e9raire et artistique, toute reproduction, repr\u00e9sentation, modification, publication, transmission, d\u00e9naturation, totale ou partielle du site ou de son contenu, par quelque proc\u00e9d\u00e9 que ce soit, et sur quelque support que ce soit est interdite sauf autorisation pr\u00e9alable de la part du propri\u00e9taire du site.<\/p>\n<p>Les photos pr\u00e9sentes sur ce site proviennent de la phototh\u00e8que de FORMED Ecole de Formation Param\u00e9dicale. Ces photos ne doivent pas faire l&rsquo;objet d\u2019une quelconque reproduction.<\/p>\n<h3><strong>Responsabilit\u00e9 :<\/strong><\/h3>\n<p>FORMED met en \u0153uvre tout moyen pour diffuser sur le site Internet \u00abwww.formed.ma\u00bb des informations de qualit\u00e9.<\/p>\n<p>FORMED ne peut toutefois garantir de mani\u00e8re absolue l&rsquo;exactitude et l&rsquo;exhaustivit\u00e9 de l&rsquo;ensemble de ces informations. Ces informations et\/ou documents sont susceptibles de contenir des inexactitudes techniques et des erreurs typographiques. FORMED se r\u00e9serve le droit de les corriger, d\u00e8s que ces erreurs sont port\u00e9es \u00e0 sa connaissance.<\/p>\n<p>Les informations et\/ou documents disponibles sur ce site sont susceptibles d\u2019\u00eatre modifi\u00e9s \u00e0 tout moment, et peuvent avoir fait l\u2019objet de mises \u00e0 jour. En particulier, ils peuvent avoir fait l\u2019objet d\u2019une mise \u00e0 jour entre le moment de leur t\u00e9l\u00e9chargement et celui o\u00f9 l\u2019utilisateur en prend connaissance.<\/p>\n<p>Ainsi, FORMED ECOLE DE FORMATION PARAM\u00c9DICALE, ne saurait \u00eatre tenu pour responsable de tout pr\u00e9judice direct ou indirect du fait d&rsquo;une information mal utilis\u00e9e et\/ou qui se serait r\u00e9v\u00e9l\u00e9e inexacte ou incompl\u00e8te.<\/p>\n<h3><strong>Cookies :<\/strong><\/h3>\n<p>Nous souhaitons implanter un cookie dans votre ordinateur. Un cookie ne nous permet pas de vous identifier; en revanche, il enregistre des informations relatives \u00e0 la navigation de votre ordinateur sur notre site (les pages que vous avez consult\u00e9es, la date et l&rsquo;heure de la consultation, etc.) que nous pourrons lire lors de vos visites ult\u00e9rieures.<\/p>\n<p>Nous vous informons que vous pouvez vous opposer \u00e0 l&rsquo;enregistrement de \u00ab\u00a0cookies\u00a0\u00bb en configurant votre navigateur.<\/p>\n<h3><strong>Acc\u00e8s au site Formed :<\/strong><\/h3>\n<p>L\u2019\u00e9diteur s\u2019efforce de permettre l\u2019acc\u00e8s au site 24 heures sur 24, 7 jours sur 7, sauf en cas de force majeure ou d\u2019un \u00e9v\u00e9nement hors du contr\u00f4le de FORMED ECOLE DE FORMATION PARAM\u00c9DICALE, et sous r\u00e9serve des \u00e9ventuelles pannes et interventions de maintenance n\u00e9cessaires au bon fonctionnement du site et des services.<\/p>\n<p>Par cons\u00e9quent, FORMED ECOLE DE FORMATION PARAM\u00c9DICALE ne peut garantir une disponibilit\u00e9 du site et\/ou des services, une fiabilit\u00e9 des transmissions et des performances en termes de temps de r\u00e9ponse ou de qualit\u00e9.<\/p>\n<p>La responsabilit\u00e9 de l\u2019\u00e9diteur ne saurait \u00eatre engag\u00e9e en cas d\u2019impossibilit\u00e9 d\u2019acc\u00e8s \u00e0 ce site et\/ou d\u2019utilisation des services.<\/p>\n<h3><strong>Formulaires :<\/strong><\/h3>\n<p>Certains formulaires propos\u00e9s sur le site ne rev\u00eatent pas de caract\u00e8re obligatoire. Vous pouvez donc choisir de ne pas les remplir.<\/p>\n<p>L&rsquo;utilisateur doit obligatoirement remplir d\u2019autres formulaires pour nous permettre de r\u00e9pondre \u00e0 votre demande.<\/p>\n<h3><strong>Protection des donn\u00e9es personnelles :<\/strong><\/h3>\n<p>Conform\u00e9ment \u00e0 la loi n\u00b0 09\u201008 relative \u00e0 la protection des personnes physiques \u00e0 l&rsquo;\u00e9gard du traitement des donn\u00e9es \u00e0 caract\u00e8re personnel, l\u2019utilisateur dispose d&rsquo;un droit d&rsquo;acc\u00e8s, d&rsquo;information, d&rsquo;opposition et de rectification des donn\u00e9es \u00e0 caract\u00e8re personnel qui le concernent.<\/p>\n<p>Pour exercer ces droits, il suffit \u00e0 l\u2019Utilisateur d\u2019en faire la demande aupr\u00e8s de FORMED \u00e0 l\u2019adresse \u00e9lectronique suivante : contact@formed.ma<\/p>\n<h3><strong>Acceptation des conditions d\u2019utilisation<\/strong><\/h3>\n<p>L\u2019utilisateur reconna\u00eet avoir pris connaissance des conditions d\u2019utilisation, au moment de sa connexion vers le site www.formed.ma et d\u00e9clare express\u00e9ment les accepter sans r\u00e9serve.<\/p>\n","protected":false},"excerpt":{"rendered":"<p>Editeur : FORMED ECOLE DE FORMATION PARAM\u00c9DICALE Immeuble Oubaha Appartements 7-8 Angle Rue Jahid et Boulevard Hassan II (En face de Lydec) Mohammedia Maroc. T\u00e9l : 0762678318 H\u00e9bergeur : Namecheap Propri\u00e9t\u00e9 intellectuelle : Ce site est la propri\u00e9t\u00e9 de FORMED ECOLE DE FORMATION PARAM\u00c9DICALE. Conform\u00e9ment aux lois r\u00e9gissant les droits de propri\u00e9t\u00e9 litt\u00e9raire et artistique, [&hellip;]<\/p>\n","protected":false},"author":2,"featured_media":0,"parent":0,"menu_order":0,"comment_status":"closed","ping_status":"closed","template":"mentions-legales.php","meta":[],"yoast_head":"<!-- This site is optimized with the Yoast SEO plugin v17.3 - https:\/\/yoast.com\/wordpress\/plugins\/seo\/ -->\n<meta name=\"description\" content=\"L\u2019utilisateur reconna\u00eet avoir pris connaissance des conditions d\u2019utilisation du site web FORMED ECOLE DE FORMATION PARAM\u00c9DICALE.\" \/>\n<meta name=\"robots\" content=\"index, follow, max-snippet:-1, max-image-preview:large, max-video-preview:-1\" \/>\n<link rel=\"canonical\" href=\"https:\/\/formed.ma\/index.php\/mentions-legales\/\" \/>\n<meta property=\"og:locale\" content=\"fr_FR\" \/>\n<meta property=\"og:type\" content=\"article\" \/>\n<meta property=\"og:title\" content=\"Mentions l\u00e9gales - Formed - Formed\" \/>\n<meta property=\"og:description\" content=\"L\u2019utilisateur reconna\u00eet avoir pris connaissance des conditions d\u2019utilisation du site web FORMED ECOLE DE FORMATION PARAM\u00c9DICALE.\" \/>\n<meta property=\"og:url\" content=\"https:\/\/formed.ma\/index.php\/mentions-legales\/\" \/>\n<meta property=\"og:site_name\" content=\"Formed\" \/>\n<meta property=\"article:modified_time\" content=\"2021-10-11T22:16:43+00:00\" \/>\n<meta name=\"twitter:card\" content=\"summary_large_image\" \/>\n<meta name=\"twitter:label1\" content=\"Dur\u00e9e de lecture estim\u00e9e\" \/>\n\t<meta name=\"twitter:data1\" content=\"3 minutes\" \/>\n<script type=\"application\/ld+json\" class=\"yoast-schema-graph\">{\"@context\":\"https:\/\/schema.org\",\"@graph\":[{\"@type\":\"WebSite\",\"@id\":\"https:\/\/formed.ma\/#website\",\"url\":\"https:\/\/formed.ma\/\",\"name\":\"Formed\",\"description\":\"Faites de votre passion votre profession !\",\"potentialAction\":[{\"@type\":\"SearchAction\",\"target\":{\"@type\":\"EntryPoint\",\"urlTemplate\":\"https:\/\/formed.ma\/?s={search_term_string}\"},\"query-input\":\"required name=search_term_string\"}],\"inLanguage\":\"fr-FR\"},{\"@type\":\"WebPage\",\"@id\":\"https:\/\/formed.ma\/index.php\/mentions-legales\/#webpage\",\"url\":\"https:\/\/formed.ma\/index.php\/mentions-legales\/\",\"name\":\"Mentions l\\u00e9gales - Formed - Formed\",\"isPartOf\":{\"@id\":\"https:\/\/formed.ma\/#website\"},\"datePublished\":\"2021-09-23T23:10:09+00:00\",\"dateModified\":\"2021-10-11T22:16:43+00:00\",\"description\":\"L\\u2019utilisateur reconna\\u00eet avoir pris connaissance des conditions d\\u2019utilisation du site web FORMED ECOLE DE FORMATION PARAM\\u00c9DICALE.\",\"breadcrumb\":{\"@id\":\"https:\/\/formed.ma\/index.php\/mentions-legales\/#breadcrumb\"},\"inLanguage\":\"fr-FR\",\"potentialAction\":[{\"@type\":\"ReadAction\",\"target\":[\"https:\/\/formed.ma\/index.php\/mentions-legales\/\"]}]},{\"@type\":\"BreadcrumbList\",\"@id\":\"https:\/\/formed.ma\/index.php\/mentions-legales\/#breadcrumb\",\"itemListElement\":[{\"@type\":\"ListItem\",\"position\":1,\"name\":\"Accueil\",\"item\":\"https:\/\/formed.ma\/\"},{\"@type\":\"ListItem\",\"position\":2,\"name\":\"Mentions l\\u00e9gales &#8211; Formed\"}]}]}<\/script>\n<!-- \/ Yoast SEO plugin. -->","yoast_head_json":{"description":"L\u2019utilisateur reconna\u00eet avoir pris connaissance des conditions d\u2019utilisation du site web FORMED ECOLE DE FORMATION PARAM\u00c9DICALE.","robots":{"index":"index","follow":"follow","max-snippet":"max-snippet:-1","max-image-preview":"max-image-preview:large","max-video-preview":"max-video-preview:-1"},"canonical":"https:\/\/formed.ma\/index.php\/mentions-legales\/","og_locale":"fr_FR","og_type":"article","og_title":"Mentions l\u00e9gales - Formed - Formed","og_description":"L\u2019utilisateur reconna\u00eet avoir pris connaissance des conditions d\u2019utilisation du site web FORMED ECOLE DE FORMATION PARAM\u00c9DICALE.","og_url":"https:\/\/formed.ma\/index.php\/mentions-legales\/","og_site_name":"Formed","article_modified_time":"2021-10-11T22:16:43+00:00","twitter_card":"summary_large_image","twitter_misc":{"Dur\u00e9e de lecture estim\u00e9e":"3 minutes"},"schema":{"@context":"https:\/\/schema.org","@graph":[{"@type":"WebSite","@id":"https:\/\/formed.ma\/#website","url":"https:\/\/formed.ma\/","name":"Formed","description":"Faites de votre passion votre profession !","potentialAction":[{"@type":"SearchAction","target":{"@type":"EntryPoint","urlTemplate":"https:\/\/formed.ma\/?s={search_term_string}"},"query-input":"required name=search_term_string"}],"inLanguage":"fr-FR"},{"@type":"WebPage","@id":"https:\/\/formed.ma\/index.php\/mentions-legales\/#webpage","url":"https:\/\/formed.ma\/index.php\/mentions-legales\/","name":"Mentions l\u00e9gales - Formed - Formed","isPartOf":{"@id":"https:\/\/formed.ma\/#website"},"datePublished":"2021-09-23T23:10:09+00:00","dateModified":"2021-10-11T22:16:43+00:00","description":"L\u2019utilisateur reconna\u00eet avoir pris connaissance des conditions d\u2019utilisation du site web FORMED ECOLE DE FORMATION PARAM\u00c9DICALE.","breadcrumb":{"@id":"https:\/\/formed.ma\/index.php\/mentions-legales\/#breadcrumb"},"inLanguage":"fr-FR","potentialAction":[{"@type":"ReadAction","target":["https:\/\/formed.ma\/index.php\/mentions-legales\/"]}]},{"@type":"BreadcrumbList","@id":"https:\/\/formed.ma\/index.php\/mentions-legales\/#breadcrumb","itemListElement":[{"@type":"ListItem","position":1,"name":"Accueil","item":"https:\/\/formed.ma\/"},{"@type":"ListItem","position":2,"name":"Mentions l\u00e9gales &#8211; Formed"}]}]}},"_links":{"self":[{"href":"https:\/\/formed.ma\/index.php\/wp-json\/wp\/v2\/pages\/90"}],"collection":[{"href":"https:\/\/formed.ma\/index.php\/wp-json\/wp\/v2\/pages"}],"about":[{"href":"https:\/\/formed.ma\/index.php\/wp-json\/wp\/v2\/types\/page"}],"author":[{"embeddable":true,"href":"https:\/\/formed.ma\/index.php\/wp-json\/wp\/v2\/users\/2"}],"replies":[{"embeddable":true,"href":"https:\/\/formed.ma\/index.php\/wp-json\/wp\/v2\/comments?post=90"}],"version-history":[{"count":13,"href":"https:\/\/formed.ma\/index.php\/wp-json\/wp\/v2\/pages\/90\/revisions"}],"predecessor-version":[{"id":253,"href":"https:\/\/formed.ma\/index.php\/wp-json\/wp\/v2\/pages\/90\/revisions\/253"}],"wp:attachment":[{"href":"https:\/\/formed.ma\/index.php\/wp-json\/wp\/v2\/media?parent=90"}],"curies":[{"name":"wp","href":"https:\/\/api.w.org\/{rel}","templated":true}]}}